{"id":3194,"date":"2025-09-25T10:41:13","date_gmt":"2025-09-25T10:41:13","guid":{"rendered":"https:\/\/kraftiapet.com\/?post_type=product&#038;p=3194"},"modified":"2026-03-05T11:28:55","modified_gmt":"2026-03-05T11:28:55","slug":"gifts-of-land-and-sea-2","status":"publish","type":"product","link":"https:\/\/kraftiapet.com\/sr\/proizvod\/gifts-of-land-and-sea-2\/","title":{"rendered":"Gifts of Land and Sea"},"content":{"rendered":"","protected":false},"excerpt":{"rendered":"<p>Gifts of Land and Sea \u2013 Rawival je vrhunska hrana za odrasle ma\u010dke sa piletinom, lososom i haringom. Sirova piletina bez kostiju i sve\u017ee smrznuta haringa i losos \u010dine odli\u010dnu ukusnu kombinaciju: zajedno pru\u017eaju zdrav izvor proteina, neophodnog za mi\u0161i\u0107e ma\u010daka. Haringa i losos proteina, zajedno sa lososa ulje, svi poma\u017eu u odr\u017eavanju zdrave ko\u017ee i sjajne dlake.  <\/p>\n","protected":false},"featured_media":3119,"comment_status":"open","ping_status":"closed","template":"","meta":{"_acf_changed":false},"pwb-brand":[],"product_brand":[175],"product_cat":[115,121],"product_tag":[],"class_list":{"0":"post-3194","1":"product","2":"type-product","3":"status-publish","4":"has-post-thumbnail","6":"product_brand-rawival","7":"product_cat-cat-food","8":"product_cat-adult-cat","10":"first","11":"instock","12":"taxable","13":"shipping-taxable","14":"product-type-variable"},"acf":[],"brands":[],"_links":{"self":[{"href":"https:\/\/kraftiapet.com\/sr\/wp-json\/wp\/v2\/product\/3194","targetHints":{"allow":["GET"]}}],"collection":[{"href":"https:\/\/kraftiapet.com\/sr\/wp-json\/wp\/v2\/product"}],"about":[{"href":"https:\/\/kraftiapet.com\/sr\/wp-json\/wp\/v2\/types\/product"}],"replies":[{"embeddable":true,"href":"https:\/\/kraftiapet.com\/sr\/wp-json\/wp\/v2\/comments?post=3194"}],"wp:featuredmedia":[{"embeddable":true,"href":"https:\/\/kraftiapet.com\/sr\/wp-json\/wp\/v2\/media\/3119"}],"wp:attachment":[{"href":"https:\/\/kraftiapet.com\/sr\/wp-json\/wp\/v2\/media?parent=3194"}],"wp:term":[{"taxonomy":"pwb-brand","embeddable":true,"href":"https:\/\/kraftiapet.com\/sr\/wp-json\/wp\/v2\/pwb-brand?post=3194"},{"taxonomy":"product_brand","embeddable":true,"href":"https:\/\/kraftiapet.com\/sr\/wp-json\/wp\/v2\/product_brand?post=3194"},{"taxonomy":"product_cat","embeddable":true,"href":"https:\/\/kraftiapet.com\/sr\/wp-json\/wp\/v2\/product_cat?post=3194"},{"taxonomy":"product_tag","embeddable":true,"href":"https:\/\/kraftiapet.com\/sr\/wp-json\/wp\/v2\/product_tag?post=3194"}],"curies":[{"name":"wp","href":"https:\/\/api.w.org\/{rel}","templated":true}]}}