{"id":3199,"date":"2025-09-29T08:38:06","date_gmt":"2025-09-29T08:38:06","guid":{"rendered":"https:\/\/kraftiapet.com\/?post_type=product&#038;p=3199"},"modified":"2026-02-26T12:21:09","modified_gmt":"2026-02-26T12:21:09","slug":"chicken-turkey-2","status":"publish","type":"product","link":"https:\/\/kraftiapet.com\/sr\/proizvod\/chicken-turkey-2\/","title":{"rendered":"Chicken &amp; Turkey"},"content":{"rendered":"","protected":false},"excerpt":{"rendered":"<p>Craftia Natura Piletina &amp; Turska je vrhunska prirodna hrana za pse patuljaste i male rase sa piletinom i \u0107uretinom. Piletina i \u0107uretiuna su savr\u0161ena me\u0161avina. Oni pru\u017eaju zdravu ravnote\u017eu proteina, koji, zajedno sa glukozaminom i hondroitinom, poma\u017eu u odr\u017eavanju jakih mi\u0161i\u0107a, kostiju i zdravih zglobova: za zgodnog i zdravog psa, punog prirodne energije, ali bez previ\u0161e kalorija!  <\/p>\n","protected":false},"featured_media":3201,"comment_status":"open","ping_status":"closed","template":"","meta":{"_acf_changed":false},"pwb-brand":[],"product_brand":[174],"product_cat":[117,119],"product_tag":[],"class_list":{"0":"post-3199","1":"product","2":"type-product","3":"status-publish","4":"has-post-thumbnail","6":"product_brand-craftia-natura","7":"product_cat-dog-food","8":"product_cat-adult-dog","10":"first","11":"instock","12":"taxable","13":"shipping-taxable","14":"product-type-variable"},"acf":[],"brands":[],"_links":{"self":[{"href":"https:\/\/kraftiapet.com\/sr\/wp-json\/wp\/v2\/product\/3199","targetHints":{"allow":["GET"]}}],"collection":[{"href":"https:\/\/kraftiapet.com\/sr\/wp-json\/wp\/v2\/product"}],"about":[{"href":"https:\/\/kraftiapet.com\/sr\/wp-json\/wp\/v2\/types\/product"}],"replies":[{"embeddable":true,"href":"https:\/\/kraftiapet.com\/sr\/wp-json\/wp\/v2\/comments?post=3199"}],"wp:featuredmedia":[{"embeddable":true,"href":"https:\/\/kraftiapet.com\/sr\/wp-json\/wp\/v2\/media\/3201"}],"wp:attachment":[{"href":"https:\/\/kraftiapet.com\/sr\/wp-json\/wp\/v2\/media?parent=3199"}],"wp:term":[{"taxonomy":"pwb-brand","embeddable":true,"href":"https:\/\/kraftiapet.com\/sr\/wp-json\/wp\/v2\/pwb-brand?post=3199"},{"taxonomy":"product_brand","embeddable":true,"href":"https:\/\/kraftiapet.com\/sr\/wp-json\/wp\/v2\/product_brand?post=3199"},{"taxonomy":"product_cat","embeddable":true,"href":"https:\/\/kraftiapet.com\/sr\/wp-json\/wp\/v2\/product_cat?post=3199"},{"taxonomy":"product_tag","embeddable":true,"href":"https:\/\/kraftiapet.com\/sr\/wp-json\/wp\/v2\/product_tag?post=3199"}],"curies":[{"name":"wp","href":"https:\/\/api.w.org\/{rel}","templated":true}]}}