{"id":3207,"date":"2025-09-26T11:17:57","date_gmt":"2025-09-26T11:17:57","guid":{"rendered":"https:\/\/kraftiapet.com\/?post_type=product&#038;p=3207"},"modified":"2026-02-26T12:20:23","modified_gmt":"2026-02-26T12:20:23","slug":"duck-turkey","status":"publish","type":"product","link":"https:\/\/kraftiapet.com\/sr\/proizvod\/duck-turkey\/","title":{"rendered":"Duck &amp; Turkey"},"content":{"rendered":"","protected":false},"excerpt":{"rendered":"<p>Craftia Harmona Duck &amp; Turkey je vrhunska suva hrana za ma\u010dke sa patkom i \u0107uretinom. Duck &amp; Turkey pru\u017eaju visoko probavljive proteine, poma\u017eu\u0107i u odr\u017eavanju zdravog imunolo\u0161kog sistema, zdravog srca i zdravih, jakih i okretnih mi\u0161i\u0107a. Kombinacija patke i \u0107ure\u0107eg mesa pru\u017ea ukus koji \u0107e ma\u010dke voleti.<\/p>\n","protected":false},"featured_media":3208,"comment_status":"open","ping_status":"closed","template":"","meta":{"_acf_changed":false},"pwb-brand":[],"product_brand":[177],"product_cat":[115,121],"product_tag":[],"class_list":{"0":"post-3207","1":"product","2":"type-product","3":"status-publish","4":"has-post-thumbnail","6":"product_brand-craftia-harmona","7":"product_cat-cat-food","8":"product_cat-adult-cat","10":"first","11":"instock","12":"taxable","13":"shipping-taxable","14":"product-type-variable"},"acf":[],"brands":[],"_links":{"self":[{"href":"https:\/\/kraftiapet.com\/sr\/wp-json\/wp\/v2\/product\/3207","targetHints":{"allow":["GET"]}}],"collection":[{"href":"https:\/\/kraftiapet.com\/sr\/wp-json\/wp\/v2\/product"}],"about":[{"href":"https:\/\/kraftiapet.com\/sr\/wp-json\/wp\/v2\/types\/product"}],"replies":[{"embeddable":true,"href":"https:\/\/kraftiapet.com\/sr\/wp-json\/wp\/v2\/comments?post=3207"}],"wp:featuredmedia":[{"embeddable":true,"href":"https:\/\/kraftiapet.com\/sr\/wp-json\/wp\/v2\/media\/3208"}],"wp:attachment":[{"href":"https:\/\/kraftiapet.com\/sr\/wp-json\/wp\/v2\/media?parent=3207"}],"wp:term":[{"taxonomy":"pwb-brand","embeddable":true,"href":"https:\/\/kraftiapet.com\/sr\/wp-json\/wp\/v2\/pwb-brand?post=3207"},{"taxonomy":"product_brand","embeddable":true,"href":"https:\/\/kraftiapet.com\/sr\/wp-json\/wp\/v2\/product_brand?post=3207"},{"taxonomy":"product_cat","embeddable":true,"href":"https:\/\/kraftiapet.com\/sr\/wp-json\/wp\/v2\/product_cat?post=3207"},{"taxonomy":"product_tag","embeddable":true,"href":"https:\/\/kraftiapet.com\/sr\/wp-json\/wp\/v2\/product_tag?post=3207"}],"curies":[{"name":"wp","href":"https:\/\/api.w.org\/{rel}","templated":true}]}}