{"id":3228,"date":"2025-09-26T12:07:18","date_gmt":"2025-09-26T12:07:18","guid":{"rendered":"https:\/\/kraftiapet.com\/?post_type=product&#038;p=3228"},"modified":"2026-02-26T12:20:23","modified_gmt":"2026-02-26T12:20:23","slug":"north-sea-fish","status":"publish","type":"product","link":"https:\/\/kraftiapet.com\/sr\/proizvod\/north-sea-fish\/","title":{"rendered":"North Sea Fish"},"content":{"rendered":"","protected":false},"excerpt":{"rendered":"<p>Craftia Harmona North Sea Fish je vrhunska suva hrana za ma\u010dke sa severnomorskom ribom. Riba iz Severnog mora je ukusna i po\u017eeljna me\u0161avina visokokvalitetnih proteina koji poma\u017eu u odr\u017eavanju zdravlja celog tela ma\u010daka. Riblji proteini i ulje poma\u017eu u odr\u017eavanju zdrave ko\u017ee i sjajne dlake, a visoka probavljivost proteina poma\u017ee u odr\u017eavanju jakih i okretnih mi\u0161i\u0107a.  <\/p>\n","protected":false},"featured_media":3230,"comment_status":"open","ping_status":"closed","template":"","meta":{"_acf_changed":false},"pwb-brand":[],"product_brand":[177],"product_cat":[115,121],"product_tag":[],"class_list":{"0":"post-3228","1":"product","2":"type-product","3":"status-publish","4":"has-post-thumbnail","6":"product_brand-craftia-harmona","7":"product_cat-cat-food","8":"product_cat-adult-cat","10":"first","11":"instock","12":"taxable","13":"shipping-taxable","14":"product-type-variable"},"acf":[],"brands":[],"_links":{"self":[{"href":"https:\/\/kraftiapet.com\/sr\/wp-json\/wp\/v2\/product\/3228","targetHints":{"allow":["GET"]}}],"collection":[{"href":"https:\/\/kraftiapet.com\/sr\/wp-json\/wp\/v2\/product"}],"about":[{"href":"https:\/\/kraftiapet.com\/sr\/wp-json\/wp\/v2\/types\/product"}],"replies":[{"embeddable":true,"href":"https:\/\/kraftiapet.com\/sr\/wp-json\/wp\/v2\/comments?post=3228"}],"wp:featuredmedia":[{"embeddable":true,"href":"https:\/\/kraftiapet.com\/sr\/wp-json\/wp\/v2\/media\/3230"}],"wp:attachment":[{"href":"https:\/\/kraftiapet.com\/sr\/wp-json\/wp\/v2\/media?parent=3228"}],"wp:term":[{"taxonomy":"pwb-brand","embeddable":true,"href":"https:\/\/kraftiapet.com\/sr\/wp-json\/wp\/v2\/pwb-brand?post=3228"},{"taxonomy":"product_brand","embeddable":true,"href":"https:\/\/kraftiapet.com\/sr\/wp-json\/wp\/v2\/product_brand?post=3228"},{"taxonomy":"product_cat","embeddable":true,"href":"https:\/\/kraftiapet.com\/sr\/wp-json\/wp\/v2\/product_cat?post=3228"},{"taxonomy":"product_tag","embeddable":true,"href":"https:\/\/kraftiapet.com\/sr\/wp-json\/wp\/v2\/product_tag?post=3228"}],"curies":[{"name":"wp","href":"https:\/\/api.w.org\/{rel}","templated":true}]}}