{"id":3237,"date":"2025-09-26T12:43:59","date_gmt":"2025-09-26T12:43:59","guid":{"rendered":"https:\/\/kraftiapet.com\/?post_type=product&#038;p=3237"},"modified":"2026-02-26T12:20:23","modified_gmt":"2026-02-26T12:20:23","slug":"lamb-with-venison-for-sterilised-cats","status":"publish","type":"product","link":"https:\/\/kraftiapet.com\/sr\/proizvod\/lamb-with-venison-for-sterilised-cats\/","title":{"rendered":"Lamb with Venison for Sterilised Cats"},"content":{"rendered":"","protected":false},"excerpt":{"rendered":"<p>Craftia Harmona jagnjetina sa divlja\u010di je vrhunska suva hrana za ma\u010dke za sterilisane ma\u010dke sa jagnjetinom i divlja\u010di. Sa visokokvalitetnom jagnjetinom i divlja\u010di kao glavnim izvorima proteina, poma\u017ee u odr\u017eavanju \u010diste mi\u0161i\u0107ne mase i zdrave te\u017eine. Oboga\u0107en vitaminima, mineralima i prirodnim vlaknima za podr\u0161ku varenju, imunitetu i zdravlju urinarnog trakta \u2014 bez ikakvih ve\u0161ta\u010dkih aditiva.  <\/p>\n","protected":false},"featured_media":3239,"comment_status":"open","ping_status":"closed","template":"","meta":{"_acf_changed":false},"pwb-brand":[],"product_brand":[177],"product_cat":[115,121],"product_tag":[],"class_list":{"0":"post-3237","1":"product","2":"type-product","3":"status-publish","4":"has-post-thumbnail","6":"product_brand-craftia-harmona","7":"product_cat-cat-food","8":"product_cat-adult-cat","10":"first","11":"instock","12":"taxable","13":"shipping-taxable","14":"product-type-variable"},"acf":[],"brands":[],"_links":{"self":[{"href":"https:\/\/kraftiapet.com\/sr\/wp-json\/wp\/v2\/product\/3237","targetHints":{"allow":["GET"]}}],"collection":[{"href":"https:\/\/kraftiapet.com\/sr\/wp-json\/wp\/v2\/product"}],"about":[{"href":"https:\/\/kraftiapet.com\/sr\/wp-json\/wp\/v2\/types\/product"}],"replies":[{"embeddable":true,"href":"https:\/\/kraftiapet.com\/sr\/wp-json\/wp\/v2\/comments?post=3237"}],"wp:featuredmedia":[{"embeddable":true,"href":"https:\/\/kraftiapet.com\/sr\/wp-json\/wp\/v2\/media\/3239"}],"wp:attachment":[{"href":"https:\/\/kraftiapet.com\/sr\/wp-json\/wp\/v2\/media?parent=3237"}],"wp:term":[{"taxonomy":"pwb-brand","embeddable":true,"href":"https:\/\/kraftiapet.com\/sr\/wp-json\/wp\/v2\/pwb-brand?post=3237"},{"taxonomy":"product_brand","embeddable":true,"href":"https:\/\/kraftiapet.com\/sr\/wp-json\/wp\/v2\/product_brand?post=3237"},{"taxonomy":"product_cat","embeddable":true,"href":"https:\/\/kraftiapet.com\/sr\/wp-json\/wp\/v2\/product_cat?post=3237"},{"taxonomy":"product_tag","embeddable":true,"href":"https:\/\/kraftiapet.com\/sr\/wp-json\/wp\/v2\/product_tag?post=3237"}],"curies":[{"name":"wp","href":"https:\/\/api.w.org\/{rel}","templated":true}]}}