{"id":3238,"date":"2025-09-29T11:06:42","date_gmt":"2025-09-29T11:06:42","guid":{"rendered":"https:\/\/kraftiapet.com\/?post_type=product&#038;p=3238"},"modified":"2026-02-26T12:21:09","modified_gmt":"2026-02-26T12:21:09","slug":"lamb-with-quail-2","status":"publish","type":"product","link":"https:\/\/kraftiapet.com\/sr\/proizvod\/lamb-with-quail-2\/","title":{"rendered":"Lamb with Quail"},"content":{"rendered":"","protected":false},"excerpt":{"rendered":"<p>Craftia Natura jagnjetina sa prepelicom je vrhunska prirodna hrana za pse patuljaste i male rase sa jagnjetinom i prepelicom. Jagnjetina i prepelica hranjena travom su izuzetan spoj, pru\u017eaju\u0107i prirodnu hipoalergenu me\u0161avinu koja je bogata visoko probavljivim proteinima i vitalnim hranljivim materijama. Oni stvaraju harmoniju za telo i podr\u017eavaju zdrav imuni sistem.  <\/p>\n","protected":false},"featured_media":3240,"comment_status":"open","ping_status":"closed","template":"","meta":{"_acf_changed":false},"pwb-brand":[],"product_brand":[174],"product_cat":[117,119],"product_tag":[],"class_list":{"0":"post-3238","1":"product","2":"type-product","3":"status-publish","4":"has-post-thumbnail","6":"product_brand-craftia-natura","7":"product_cat-dog-food","8":"product_cat-adult-dog","10":"first","11":"instock","12":"taxable","13":"shipping-taxable","14":"product-type-variable"},"acf":[],"brands":[],"_links":{"self":[{"href":"https:\/\/kraftiapet.com\/sr\/wp-json\/wp\/v2\/product\/3238","targetHints":{"allow":["GET"]}}],"collection":[{"href":"https:\/\/kraftiapet.com\/sr\/wp-json\/wp\/v2\/product"}],"about":[{"href":"https:\/\/kraftiapet.com\/sr\/wp-json\/wp\/v2\/types\/product"}],"replies":[{"embeddable":true,"href":"https:\/\/kraftiapet.com\/sr\/wp-json\/wp\/v2\/comments?post=3238"}],"wp:featuredmedia":[{"embeddable":true,"href":"https:\/\/kraftiapet.com\/sr\/wp-json\/wp\/v2\/media\/3240"}],"wp:attachment":[{"href":"https:\/\/kraftiapet.com\/sr\/wp-json\/wp\/v2\/media?parent=3238"}],"wp:term":[{"taxonomy":"pwb-brand","embeddable":true,"href":"https:\/\/kraftiapet.com\/sr\/wp-json\/wp\/v2\/pwb-brand?post=3238"},{"taxonomy":"product_brand","embeddable":true,"href":"https:\/\/kraftiapet.com\/sr\/wp-json\/wp\/v2\/product_brand?post=3238"},{"taxonomy":"product_cat","embeddable":true,"href":"https:\/\/kraftiapet.com\/sr\/wp-json\/wp\/v2\/product_cat?post=3238"},{"taxonomy":"product_tag","embeddable":true,"href":"https:\/\/kraftiapet.com\/sr\/wp-json\/wp\/v2\/product_tag?post=3238"}],"curies":[{"name":"wp","href":"https:\/\/api.w.org\/{rel}","templated":true}]}}