{"id":3258,"date":"2025-10-02T07:02:22","date_gmt":"2025-10-02T07:02:22","guid":{"rendered":"https:\/\/kraftiapet.com\/?post_type=product&#038;p=3258"},"modified":"2026-02-26T12:44:51","modified_gmt":"2026-02-26T12:44:51","slug":"chicken-with-super-veggies","status":"publish","type":"product","link":"https:\/\/kraftiapet.com\/sr\/proizvod\/chicken-with-super-veggies\/","title":{"rendered":"Chicken With Super Veggies"},"content":{"rendered":"","protected":false},"excerpt":{"rendered":"<p>Vida Super Chicken &amp; Veggies je vrhunska hrana za ma\u010dke sa piletinom i povr\u0107em. Ukusna kombinacija sa piletinom bogatom proteinima, kao i aminokiselinama i glukozaminom, koji su neophodni za zdrave zglobove. Povr\u0107e poput \u0161argarepe i jabuke je tu da podr\u017ei zdravlje o\u010diju i pra\u017enjenje creva.  <\/p>\n","protected":false},"featured_media":3260,"comment_status":"open","ping_status":"closed","template":"","meta":{"_acf_changed":false},"pwb-brand":[],"product_brand":[179],"product_cat":[115,121],"product_tag":[],"class_list":{"0":"post-3258","1":"product","2":"type-product","3":"status-publish","4":"has-post-thumbnail","6":"product_brand-vida-super","7":"product_cat-cat-food","8":"product_cat-adult-cat","10":"first","11":"instock","12":"taxable","13":"shipping-taxable","14":"product-type-variable"},"acf":[],"brands":[],"_links":{"self":[{"href":"https:\/\/kraftiapet.com\/sr\/wp-json\/wp\/v2\/product\/3258","targetHints":{"allow":["GET"]}}],"collection":[{"href":"https:\/\/kraftiapet.com\/sr\/wp-json\/wp\/v2\/product"}],"about":[{"href":"https:\/\/kraftiapet.com\/sr\/wp-json\/wp\/v2\/types\/product"}],"replies":[{"embeddable":true,"href":"https:\/\/kraftiapet.com\/sr\/wp-json\/wp\/v2\/comments?post=3258"}],"wp:featuredmedia":[{"embeddable":true,"href":"https:\/\/kraftiapet.com\/sr\/wp-json\/wp\/v2\/media\/3260"}],"wp:attachment":[{"href":"https:\/\/kraftiapet.com\/sr\/wp-json\/wp\/v2\/media?parent=3258"}],"wp:term":[{"taxonomy":"pwb-brand","embeddable":true,"href":"https:\/\/kraftiapet.com\/sr\/wp-json\/wp\/v2\/pwb-brand?post=3258"},{"taxonomy":"product_brand","embeddable":true,"href":"https:\/\/kraftiapet.com\/sr\/wp-json\/wp\/v2\/product_brand?post=3258"},{"taxonomy":"product_cat","embeddable":true,"href":"https:\/\/kraftiapet.com\/sr\/wp-json\/wp\/v2\/product_cat?post=3258"},{"taxonomy":"product_tag","embeddable":true,"href":"https:\/\/kraftiapet.com\/sr\/wp-json\/wp\/v2\/product_tag?post=3258"}],"curies":[{"name":"wp","href":"https:\/\/api.w.org\/{rel}","templated":true}]}}