{"id":3268,"date":"2025-10-02T10:57:46","date_gmt":"2025-10-02T10:57:46","guid":{"rendered":"https:\/\/kraftiapet.com\/?post_type=product&#038;p=3268"},"modified":"2026-02-26T12:44:50","modified_gmt":"2026-02-26T12:44:50","slug":"rich-in-chicken-with-rice","status":"publish","type":"product","link":"https:\/\/kraftiapet.com\/sr\/proizvod\/rich-in-chicken-with-rice\/","title":{"rendered":"Rich in Chicken With Rice"},"content":{"rendered":"","protected":false},"excerpt":{"rendered":"<p>Mysticat Chicken &amp; Rice je hrana za ma\u010dke sa piletinom i pirin\u010dem. Piletina sa pirin\u010dem i borovnicama bogatim antioksidansima je ne\u017ean, ukusan recept koji je lak za stomak va\u0161e ma\u010dke. Bogat visokokvalitetnim proteinima i esencijalnim hranljivim sastojcima, podr\u017eava mi\u0161i\u0107nu masu i svakodnevnu vitalnost: savr\u0161en za prede, igru i mirno dremanje.  <\/p>\n","protected":false},"featured_media":3270,"comment_status":"open","ping_status":"closed","template":"","meta":{"_acf_changed":false},"pwb-brand":[],"product_brand":[181],"product_cat":[115,121],"product_tag":[],"class_list":{"0":"post-3268","1":"product","2":"type-product","3":"status-publish","4":"has-post-thumbnail","6":"product_brand-mysticat","7":"product_cat-cat-food","8":"product_cat-adult-cat","10":"first","11":"instock","12":"taxable","13":"shipping-taxable","14":"product-type-variable"},"acf":[],"brands":[],"_links":{"self":[{"href":"https:\/\/kraftiapet.com\/sr\/wp-json\/wp\/v2\/product\/3268","targetHints":{"allow":["GET"]}}],"collection":[{"href":"https:\/\/kraftiapet.com\/sr\/wp-json\/wp\/v2\/product"}],"about":[{"href":"https:\/\/kraftiapet.com\/sr\/wp-json\/wp\/v2\/types\/product"}],"replies":[{"embeddable":true,"href":"https:\/\/kraftiapet.com\/sr\/wp-json\/wp\/v2\/comments?post=3268"}],"wp:featuredmedia":[{"embeddable":true,"href":"https:\/\/kraftiapet.com\/sr\/wp-json\/wp\/v2\/media\/3270"}],"wp:attachment":[{"href":"https:\/\/kraftiapet.com\/sr\/wp-json\/wp\/v2\/media?parent=3268"}],"wp:term":[{"taxonomy":"pwb-brand","embeddable":true,"href":"https:\/\/kraftiapet.com\/sr\/wp-json\/wp\/v2\/pwb-brand?post=3268"},{"taxonomy":"product_brand","embeddable":true,"href":"https:\/\/kraftiapet.com\/sr\/wp-json\/wp\/v2\/product_brand?post=3268"},{"taxonomy":"product_cat","embeddable":true,"href":"https:\/\/kraftiapet.com\/sr\/wp-json\/wp\/v2\/product_cat?post=3268"},{"taxonomy":"product_tag","embeddable":true,"href":"https:\/\/kraftiapet.com\/sr\/wp-json\/wp\/v2\/product_tag?post=3268"}],"curies":[{"name":"wp","href":"https:\/\/api.w.org\/{rel}","templated":true}]}}