{"id":3298,"date":"2025-10-07T12:25:05","date_gmt":"2025-10-07T12:25:05","guid":{"rendered":"https:\/\/kraftiapet.com\/?post_type=product&#038;p=3298"},"modified":"2026-02-26T12:31:54","modified_gmt":"2026-02-26T12:31:54","slug":"duck-with-pheasant-3","status":"publish","type":"product","link":"https:\/\/kraftiapet.com\/sr\/proizvod\/duck-with-pheasant-3\/","title":{"rendered":"Duck with Pheasant"},"content":{"rendered":"","protected":false},"excerpt":{"rendered":"<p>Craftia Natura Duck with Pheasant je vrhunska prirodna hrana za \u0161tenad srednje i velike pasmine sa patkom i fazanom. Patka i fazan je primamljiva i ukusna prirodna kombinacija. Oni pru\u017eaju prirodnu hipoalergenu me\u0161avinu koja je bogata visoko probavljivim proteinima i vitalnim hranljivim materijama. Njihov bogat sadr\u017eaj proteina poma\u017ee u podr\u0161ci zdravim mi\u0161i\u0107ima, a kombinacija pru\u017ea ekstra ukusan ukus.   <\/p>\n","protected":false},"featured_media":3299,"comment_status":"open","ping_status":"closed","template":"","meta":{"_acf_changed":false},"pwb-brand":[],"product_brand":[174],"product_cat":[120,117],"product_tag":[],"class_list":{"0":"post-3298","1":"product","2":"type-product","3":"status-publish","4":"has-post-thumbnail","6":"product_brand-craftia-natura","7":"product_cat-puppy","8":"product_cat-dog-food","10":"first","11":"instock","12":"taxable","13":"shipping-taxable","14":"product-type-variable"},"acf":[],"brands":[],"_links":{"self":[{"href":"https:\/\/kraftiapet.com\/sr\/wp-json\/wp\/v2\/product\/3298","targetHints":{"allow":["GET"]}}],"collection":[{"href":"https:\/\/kraftiapet.com\/sr\/wp-json\/wp\/v2\/product"}],"about":[{"href":"https:\/\/kraftiapet.com\/sr\/wp-json\/wp\/v2\/types\/product"}],"replies":[{"embeddable":true,"href":"https:\/\/kraftiapet.com\/sr\/wp-json\/wp\/v2\/comments?post=3298"}],"wp:featuredmedia":[{"embeddable":true,"href":"https:\/\/kraftiapet.com\/sr\/wp-json\/wp\/v2\/media\/3299"}],"wp:attachment":[{"href":"https:\/\/kraftiapet.com\/sr\/wp-json\/wp\/v2\/media?parent=3298"}],"wp:term":[{"taxonomy":"pwb-brand","embeddable":true,"href":"https:\/\/kraftiapet.com\/sr\/wp-json\/wp\/v2\/pwb-brand?post=3298"},{"taxonomy":"product_brand","embeddable":true,"href":"https:\/\/kraftiapet.com\/sr\/wp-json\/wp\/v2\/product_brand?post=3298"},{"taxonomy":"product_cat","embeddable":true,"href":"https:\/\/kraftiapet.com\/sr\/wp-json\/wp\/v2\/product_cat?post=3298"},{"taxonomy":"product_tag","embeddable":true,"href":"https:\/\/kraftiapet.com\/sr\/wp-json\/wp\/v2\/product_tag?post=3298"}],"curies":[{"name":"wp","href":"https:\/\/api.w.org\/{rel}","templated":true}]}}