{"id":3344,"date":"2025-10-13T07:18:25","date_gmt":"2025-10-13T07:18:25","guid":{"rendered":"https:\/\/kraftiapet.com\/?post_type=product&#038;p=3344"},"modified":"2026-02-26T12:15:48","modified_gmt":"2026-02-26T12:15:48","slug":"allergy-relief","status":"publish","type":"product","link":"https:\/\/kraftiapet.com\/sr\/proizvod\/allergy-relief\/","title":{"rendered":"Allergy Relief"},"content":{"rendered":"<p data-start=\"249\" data-end=\"352\"><strong>Uputstvo za upotrebu<\/strong>: 1 tableta na 15 kg BM (telesne mase) dnevno.<\/p>\n<p data-start=\"249\" data-end=\"352\">Dajte jestivu tabletu(e) <strong data-start=\"280\" data-end=\"294\">jednom dnevno<\/strong> prema preporu\u010denoj dozi. Tableta se mo\u017ee: <\/p>\n<ul data-start=\"353\" data-end=\"529\">\n<li data-start=\"353\" data-end=\"398\">\n<p data-start=\"355\" data-end=\"398\"><strong data-start=\"355\" data-end=\"373\">Dati direktno<\/strong> psu kao poslastica.<\/p>\n<\/li>\n<li data-start=\"399\" data-end=\"448\">\n<p data-start=\"401\" data-end=\"448\"><strong data-start=\"401\" data-end=\"420\">Pome\u0161ati sa hranom<\/strong> radi lak\u0161eg prihvatanja.<\/p>\n<\/li>\n<li data-start=\"449\" data-end=\"529\">\n<p data-start=\"451\" data-end=\"529\"><strong data-start=\"451\" data-end=\"487\">Staviti na koren jezika<\/strong> da bi se osiguralo potpuno gutanje, ako je potrebno.<\/p>\n<\/li>\n<\/ul>\n<p data-start=\"531\" data-end=\"682\">Obezbedite da pas uvek ima pristup sve\u017eoj vodi za pi\u0107e. Pratite preporuke va\u0161eg veterinara za optimalnu dozu i du\u017einu upotrebe. <\/p>\n","protected":false},"excerpt":{"rendered":"<p>Ba\u0161 kao i ljudi, neki psi imaju preaktivan imunolo\u0161ki sistem, \u0161to rezultira sna\u017enom reakcijom na relativno bezopasne faktore kao \u0161to su polen, grinje, sunce ili hrana. Na\u0161 dodatak za alergiju na pse podr\u017eava imunitet i poma\u017ee telu da mirnije reaguje na alergene. Antihistaminici i imunomodulatori su \u010desto neophodni za ubla\u017eavanje alergija, a prime\u0107eno je da ja\u010danje imuniteta tako\u0111e igra va\u017enu ulogu u otpornosti organizma na problemati\u010dne alergene.  <\/p>\n<p><strong>Kada Allergy Relief?<\/strong><\/p>\n<ul>\n<li>U svim vrstama atopije \u2013 sistemskoj i lokalnoj<\/li>\n<li>Ubla\u017eava svrab, suzenje o\u010diju, curenje iz nosa, oticanje<\/li>\n<li>Smiruje iritirani imuni sistem<\/li>\n<li>Smanjuje upalne procese<\/li>\n<li>Preventivno delovanje, pre izlaganja alergenima<\/li>\n<\/ul>\n","protected":false},"featured_media":3345,"comment_status":"open","ping_status":"closed","template":"","meta":{"_acf_changed":false},"pwb-brand":[],"product_brand":[182],"product_cat":[117,118],"product_tag":[],"class_list":{"0":"post-3344","1":"product","2":"type-product","3":"status-publish","4":"has-post-thumbnail","6":"product_brand-regalena","7":"product_cat-dog-food","8":"product_cat-dog-supplements","10":"first","11":"instock","12":"taxable","13":"shipping-taxable","14":"product-type-variable"},"acf":[],"brands":[],"_links":{"self":[{"href":"https:\/\/kraftiapet.com\/sr\/wp-json\/wp\/v2\/product\/3344","targetHints":{"allow":["GET"]}}],"collection":[{"href":"https:\/\/kraftiapet.com\/sr\/wp-json\/wp\/v2\/product"}],"about":[{"href":"https:\/\/kraftiapet.com\/sr\/wp-json\/wp\/v2\/types\/product"}],"replies":[{"embeddable":true,"href":"https:\/\/kraftiapet.com\/sr\/wp-json\/wp\/v2\/comments?post=3344"}],"wp:featuredmedia":[{"embeddable":true,"href":"https:\/\/kraftiapet.com\/sr\/wp-json\/wp\/v2\/media\/3345"}],"wp:attachment":[{"href":"https:\/\/kraftiapet.com\/sr\/wp-json\/wp\/v2\/media?parent=3344"}],"wp:term":[{"taxonomy":"pwb-brand","embeddable":true,"href":"https:\/\/kraftiapet.com\/sr\/wp-json\/wp\/v2\/pwb-brand?post=3344"},{"taxonomy":"product_brand","embeddable":true,"href":"https:\/\/kraftiapet.com\/sr\/wp-json\/wp\/v2\/product_brand?post=3344"},{"taxonomy":"product_cat","embeddable":true,"href":"https:\/\/kraftiapet.com\/sr\/wp-json\/wp\/v2\/product_cat?post=3344"},{"taxonomy":"product_tag","embeddable":true,"href":"https:\/\/kraftiapet.com\/sr\/wp-json\/wp\/v2\/product_tag?post=3344"}],"curies":[{"name":"wp","href":"https:\/\/api.w.org\/{rel}","templated":true}]}}