{"id":3361,"date":"2025-10-13T06:44:03","date_gmt":"2025-10-13T06:44:03","guid":{"rendered":"https:\/\/kraftiapet.com\/?post_type=product&#038;p=3361"},"modified":"2026-02-26T12:15:48","modified_gmt":"2026-02-26T12:15:48","slug":"cognitive","status":"publish","type":"product","link":"https:\/\/kraftiapet.com\/sr\/proizvod\/cognitive\/","title":{"rendered":"Cognitive"},"content":{"rendered":"<p data-start=\"249\" data-end=\"352\"><strong>Uputstvo za upotrebu<\/strong>: 1 tableta na 20 kg BM (telesna masa) dnevno.<\/p>\n<p data-start=\"249\" data-end=\"352\">Dajte jestivu tabletu(e) <strong data-start=\"280\" data-end=\"294\">jednom dnevno<\/strong> prema preporu\u010denoj dozi. Tableta se mo\u017ee: <\/p>\n<ul data-start=\"353\" data-end=\"529\">\n<li data-start=\"353\" data-end=\"398\">\n<p data-start=\"355\" data-end=\"398\"><strong data-start=\"355\" data-end=\"373\">Dati direktno<\/strong> psu kao poslastica.<\/p>\n<\/li>\n<li data-start=\"399\" data-end=\"448\">\n<p data-start=\"401\" data-end=\"448\"><strong data-start=\"401\" data-end=\"420\">Pome\u0161ati sa hranom<\/strong> radi lak\u0161eg prihvatanja.<\/p>\n<\/li>\n<li data-start=\"449\" data-end=\"529\">\n<p data-start=\"451\" data-end=\"529\"><strong data-start=\"451\" data-end=\"487\">Staviti na koren jezika<\/strong> da bi se osiguralo potpuno gutanje, ako je potrebno.<\/p>\n<\/li>\n<\/ul>\n<p data-start=\"531\" data-end=\"682\">Obezbedite da pas uvek ima pristup sve\u017eoj vodi za pi\u0107e. Pratite preporuke va\u0161eg veterinara za optimalnu dozu i du\u017einu upotrebe. <\/p>\n","protected":false},"excerpt":{"rendered":"<p>Verujemo da nas psi potpuno razumeju, i \u010desto se \u010dini kao da \u0107e progovoriti. To je zbog najmo\u0107nijeg organa nervnog sistema \u2013 mozga, koji radi punom parom kako bi psi mogli bolje da razumeju svet oko sebe. Na\u0161 dodatak za mozak pasa podr\u017eava koncentraciju, pam\u0107enje i kognitivne funkcije, poma\u017eu\u0107i psima da ostanu o\u0161tri i mentalno aktivni. Nervni sistem je odgovoran za sve vrste pam\u0107enja, kao \u0161to je u\u010denje o igrama, svakodnevnim navikama, ali i brojnim drugim &#8222;pozadinskim&#8220; procesima.   <\/p>\n<p><strong>KADA COGNITIVE?<\/strong><\/p>\n<ul>\n<li>Za pse u procesu u\u010denja \u2013 tokom treninga, policijski psi<\/li>\n<li>Kod starijih pasa, kao prevencija neurolo\u0161kih bolesti<\/li>\n<li>Kao podr\u0161ka za terapiju bolesti centralnog nervnog sistema<\/li>\n<li>Za pse u treningu, tokom graviditeta i laktacije<\/li>\n<li>Za probleme sa pam\u0107enjem, u\u010denjem, koncentracijom<\/li>\n<li>U slu\u010daju dezorijentacije \/ demencije<\/li>\n<\/ul>\n","protected":false},"featured_media":3362,"comment_status":"open","ping_status":"closed","template":"","meta":{"_acf_changed":false},"pwb-brand":[],"product_brand":[182],"product_cat":[117,118],"product_tag":[],"class_list":{"0":"post-3361","1":"product","2":"type-product","3":"status-publish","4":"has-post-thumbnail","6":"product_brand-regalena","7":"product_cat-dog-food","8":"product_cat-dog-supplements","10":"first","11":"instock","12":"taxable","13":"shipping-taxable","14":"product-type-variable"},"acf":[],"brands":[],"_links":{"self":[{"href":"https:\/\/kraftiapet.com\/sr\/wp-json\/wp\/v2\/product\/3361","targetHints":{"allow":["GET"]}}],"collection":[{"href":"https:\/\/kraftiapet.com\/sr\/wp-json\/wp\/v2\/product"}],"about":[{"href":"https:\/\/kraftiapet.com\/sr\/wp-json\/wp\/v2\/types\/product"}],"replies":[{"embeddable":true,"href":"https:\/\/kraftiapet.com\/sr\/wp-json\/wp\/v2\/comments?post=3361"}],"wp:featuredmedia":[{"embeddable":true,"href":"https:\/\/kraftiapet.com\/sr\/wp-json\/wp\/v2\/media\/3362"}],"wp:attachment":[{"href":"https:\/\/kraftiapet.com\/sr\/wp-json\/wp\/v2\/media?parent=3361"}],"wp:term":[{"taxonomy":"pwb-brand","embeddable":true,"href":"https:\/\/kraftiapet.com\/sr\/wp-json\/wp\/v2\/pwb-brand?post=3361"},{"taxonomy":"product_brand","embeddable":true,"href":"https:\/\/kraftiapet.com\/sr\/wp-json\/wp\/v2\/product_brand?post=3361"},{"taxonomy":"product_cat","embeddable":true,"href":"https:\/\/kraftiapet.com\/sr\/wp-json\/wp\/v2\/product_cat?post=3361"},{"taxonomy":"product_tag","embeddable":true,"href":"https:\/\/kraftiapet.com\/sr\/wp-json\/wp\/v2\/product_tag?post=3361"}],"curies":[{"name":"wp","href":"https:\/\/api.w.org\/{rel}","templated":true}]}}