{"id":3366,"date":"2025-10-13T06:30:04","date_gmt":"2025-10-13T06:30:04","guid":{"rendered":"https:\/\/kraftiapet.com\/?post_type=product&#038;p=3366"},"modified":"2026-02-26T12:15:48","modified_gmt":"2026-02-26T12:15:48","slug":"strong-bone-ca-mg-p","status":"publish","type":"product","link":"https:\/\/kraftiapet.com\/sr\/proizvod\/strong-bone-ca-mg-p\/","title":{"rendered":"Strong Bone Ca-Mg-P"},"content":{"rendered":"<p data-start=\"249\" data-end=\"352\"><strong>Uputstvo za upotrebu<\/strong>: 1 dozator (2,7 gr) ili 1 tableta na 15 kg TM (telesne mase) dnevno.<\/p>\n<p data-start=\"249\" data-end=\"352\">Dajte jestivu tabletu(e) <strong data-start=\"280\" data-end=\"294\">jednom dnevno<\/strong> prema preporu\u010denoj dozi. Tableta se mo\u017ee: <\/p>\n<ul data-start=\"353\" data-end=\"529\">\n<li data-start=\"353\" data-end=\"398\">\n<p data-start=\"355\" data-end=\"398\"><strong data-start=\"355\" data-end=\"373\">Dati direktno<\/strong> psu kao poslastica.<\/p>\n<\/li>\n<li data-start=\"399\" data-end=\"448\">\n<p data-start=\"401\" data-end=\"448\"><strong data-start=\"401\" data-end=\"420\">Pome\u0161ati sa hranom<\/strong> radi lak\u0161eg prihvatanja.<\/p>\n<\/li>\n<li data-start=\"449\" data-end=\"529\">\n<p data-start=\"451\" data-end=\"529\"><strong data-start=\"451\" data-end=\"487\">Staviti na koren jezika<\/strong> da bi se osiguralo potpuno gutanje, ako je potrebno.<\/p>\n<\/li>\n<\/ul>\n<p data-start=\"531\" data-end=\"682\">Obezbedite da pas uvek ima pristup sve\u017eoj vodi za pi\u0107e. Pratite preporuke va\u0161eg veterinara za optimalnu dozu i du\u017einu upotrebe. <\/p>\n","protected":false},"excerpt":{"rendered":"<p>Ba\u0161 kao i kod ljudi, kalcijum je obavezan dodatak u najranijoj dobi, jer je to period najbr\u017eeg rasta i razvoja, kada je telu potreban pove\u0107an unos kalcijuma. Na\u0161 dodatak kalcijuma za pse poma\u017ee u odr\u017eavanju jakih kostiju, zuba i pravilne funkcije mi\u0161i\u0107a i \u017eivaca. Kod pasa je izme\u0111u 3 i 12 meseci starosti, a posebno se odnosi na pse velikih i srednjih pasmina koje brzo rastu.  <\/p>\n<p><strong>KADA JAKA KOST?<\/strong><\/p>\n<ul>\n<li>Za \u0161tence i mlade pse od 12 nedelja do 1 godine starosti, radi odr\u017eavanja zdravog ko\u0161tanog sistema, redovne funkcije mi\u0161i\u0107a i nervnog sistema<\/li>\n<li>Kod kuja tokom graviditeta i laktacije.<\/li>\n<li>U fazama intenzivnog rasta velikih pasa<\/li>\n<li>Da podr\u017ei integritet kostiju i zuba<\/li>\n<li>Lizanje i grizenje zidova je uobi\u010dajeni signal nedostatka kalcijuma<\/li>\n<\/ul>\n","protected":false},"featured_media":3367,"comment_status":"open","ping_status":"closed","template":"","meta":{"_acf_changed":false},"pwb-brand":[],"product_brand":[182],"product_cat":[117,118],"product_tag":[],"class_list":{"0":"post-3366","1":"product","2":"type-product","3":"status-publish","4":"has-post-thumbnail","6":"product_brand-regalena","7":"product_cat-dog-food","8":"product_cat-dog-supplements","10":"first","11":"instock","12":"taxable","13":"shipping-taxable","14":"product-type-variable"},"acf":[],"brands":[],"_links":{"self":[{"href":"https:\/\/kraftiapet.com\/sr\/wp-json\/wp\/v2\/product\/3366","targetHints":{"allow":["GET"]}}],"collection":[{"href":"https:\/\/kraftiapet.com\/sr\/wp-json\/wp\/v2\/product"}],"about":[{"href":"https:\/\/kraftiapet.com\/sr\/wp-json\/wp\/v2\/types\/product"}],"replies":[{"embeddable":true,"href":"https:\/\/kraftiapet.com\/sr\/wp-json\/wp\/v2\/comments?post=3366"}],"wp:featuredmedia":[{"embeddable":true,"href":"https:\/\/kraftiapet.com\/sr\/wp-json\/wp\/v2\/media\/3367"}],"wp:attachment":[{"href":"https:\/\/kraftiapet.com\/sr\/wp-json\/wp\/v2\/media?parent=3366"}],"wp:term":[{"taxonomy":"pwb-brand","embeddable":true,"href":"https:\/\/kraftiapet.com\/sr\/wp-json\/wp\/v2\/pwb-brand?post=3366"},{"taxonomy":"product_brand","embeddable":true,"href":"https:\/\/kraftiapet.com\/sr\/wp-json\/wp\/v2\/product_brand?post=3366"},{"taxonomy":"product_cat","embeddable":true,"href":"https:\/\/kraftiapet.com\/sr\/wp-json\/wp\/v2\/product_cat?post=3366"},{"taxonomy":"product_tag","embeddable":true,"href":"https:\/\/kraftiapet.com\/sr\/wp-json\/wp\/v2\/product_tag?post=3366"}],"curies":[{"name":"wp","href":"https:\/\/api.w.org\/{rel}","templated":true}]}}