{"id":3378,"date":"2025-10-10T12:28:20","date_gmt":"2025-10-10T12:28:20","guid":{"rendered":"https:\/\/kraftiapet.com\/?post_type=product&#038;p=3378"},"modified":"2026-02-26T12:15:49","modified_gmt":"2026-02-26T12:15:49","slug":"liver-support","status":"publish","type":"product","link":"https:\/\/kraftiapet.com\/sr\/proizvod\/liver-support\/","title":{"rendered":"Liver Support"},"content":{"rendered":"<p data-start=\"249\" data-end=\"352\"><strong>Uputstvo za upotrebu<\/strong>: 1 tableta na 10 kg BM (telesne mase) dnevno tokom prvih 10 dana.<\/p>\n<p data-start=\"249\" data-end=\"352\">Dajte jestivu tabletu(e) <strong data-start=\"280\" data-end=\"294\">jednom dnevno<\/strong> prema preporu\u010denoj dozi. Tableta se mo\u017ee: <\/p>\n<ul data-start=\"353\" data-end=\"529\">\n<li data-start=\"353\" data-end=\"398\">\n<p data-start=\"355\" data-end=\"398\"><strong data-start=\"355\" data-end=\"373\">Dati direktno<\/strong> psu kao poslastica.<\/p>\n<\/li>\n<li data-start=\"399\" data-end=\"448\">\n<p data-start=\"401\" data-end=\"448\"><strong data-start=\"401\" data-end=\"420\">Pome\u0161ati sa hranom<\/strong> radi lak\u0161eg prihvatanja.<\/p>\n<\/li>\n<li data-start=\"449\" data-end=\"529\">\n<p data-start=\"451\" data-end=\"529\"><strong data-start=\"451\" data-end=\"487\">Staviti na koren jezika<\/strong> da bi se osiguralo potpuno gutanje, ako je potrebno.<\/p>\n<\/li>\n<\/ul>\n<p data-start=\"531\" data-end=\"682\">Obezbedite da pas uvek ima pristup sve\u017eoj vodi za pi\u0107e. Pratite preporuke va\u0161eg veterinara za optimalnu dozu i du\u017einu upotrebe. <\/p>\n","protected":false},"excerpt":{"rendered":"<p>Jetra igra va\u017enu ulogu u metabolizmu i obavlja mnoge funkcije \u2013 elimini\u0161e toksine, proizvodi proteine u krvi i u\u010destvuje u varenju. Na\u0161 dodatak za jetru pasa poma\u017ee u za\u0161titi \u0107elija jetre, podr\u017eava regeneraciju i promovi\u0161e zdrav metabolizam. Centralna uloga, s druge strane, nosi izlo\u017eenost brojnim pitanjima koja mogu ugroziti zdravlje pasa, zbog \u010dega je uvek po\u017eeljna preventivna briga za optimalne funkcije jetre i njena za\u0161tita.  <\/p>\n<p><strong>KADA LIVER SUPPORT?<\/strong><\/p>\n<ul>\n<li>U slu\u010daju masne jetre<\/li>\n<li>U toku kori\u0161\u0107enja hepatotoksi\u010dnog leka<\/li>\n<li>Borba protiv hepatitisa (adenovirusi, leptospiroza, toksoplazmoza)<\/li>\n<li>U slu\u010daju trovanja te\u0161kim metalima<\/li>\n<li>Za ciste jetre<\/li>\n<li>U slu\u010daju opstrukcije \u017eu\u010dnih puteva<\/li>\n<\/ul>\n","protected":false},"featured_media":3379,"comment_status":"open","ping_status":"closed","template":"","meta":{"_acf_changed":false},"pwb-brand":[],"product_brand":[182],"product_cat":[117,118],"product_tag":[],"class_list":{"0":"post-3378","1":"product","2":"type-product","3":"status-publish","4":"has-post-thumbnail","6":"product_brand-regalena","7":"product_cat-dog-food","8":"product_cat-dog-supplements","10":"first","11":"instock","12":"taxable","13":"shipping-taxable","14":"product-type-variable"},"acf":[],"brands":[],"_links":{"self":[{"href":"https:\/\/kraftiapet.com\/sr\/wp-json\/wp\/v2\/product\/3378","targetHints":{"allow":["GET"]}}],"collection":[{"href":"https:\/\/kraftiapet.com\/sr\/wp-json\/wp\/v2\/product"}],"about":[{"href":"https:\/\/kraftiapet.com\/sr\/wp-json\/wp\/v2\/types\/product"}],"replies":[{"embeddable":true,"href":"https:\/\/kraftiapet.com\/sr\/wp-json\/wp\/v2\/comments?post=3378"}],"wp:featuredmedia":[{"embeddable":true,"href":"https:\/\/kraftiapet.com\/sr\/wp-json\/wp\/v2\/media\/3379"}],"wp:attachment":[{"href":"https:\/\/kraftiapet.com\/sr\/wp-json\/wp\/v2\/media?parent=3378"}],"wp:term":[{"taxonomy":"pwb-brand","embeddable":true,"href":"https:\/\/kraftiapet.com\/sr\/wp-json\/wp\/v2\/pwb-brand?post=3378"},{"taxonomy":"product_brand","embeddable":true,"href":"https:\/\/kraftiapet.com\/sr\/wp-json\/wp\/v2\/product_brand?post=3378"},{"taxonomy":"product_cat","embeddable":true,"href":"https:\/\/kraftiapet.com\/sr\/wp-json\/wp\/v2\/product_cat?post=3378"},{"taxonomy":"product_tag","embeddable":true,"href":"https:\/\/kraftiapet.com\/sr\/wp-json\/wp\/v2\/product_tag?post=3378"}],"curies":[{"name":"wp","href":"https:\/\/api.w.org\/{rel}","templated":true}]}}