{"id":3396,"date":"2025-10-13T06:59:05","date_gmt":"2025-10-13T06:59:05","guid":{"rendered":"https:\/\/kraftiapet.com\/?post_type=product&#038;p=3396"},"modified":"2026-02-26T12:15:48","modified_gmt":"2026-02-26T12:15:48","slug":"immune-boost","status":"publish","type":"product","link":"https:\/\/kraftiapet.com\/sr\/proizvod\/immune-boost\/","title":{"rendered":"Immune Boost"},"content":{"rendered":"<p data-start=\"249\" data-end=\"352\"><strong>Uputstvo za upotrebu<\/strong>: 1 tableta na 10 kg BM (telesne mase) dnevno.<\/p>\n<p data-start=\"249\" data-end=\"352\">Dajte jestivu tabletu(e) <strong data-start=\"280\" data-end=\"294\">jednom dnevno<\/strong> prema preporu\u010denoj dozi. Tableta se mo\u017ee: <\/p>\n<ul data-start=\"353\" data-end=\"529\">\n<li data-start=\"353\" data-end=\"398\">\n<p data-start=\"355\" data-end=\"398\"><strong data-start=\"355\" data-end=\"373\">Dati direktno<\/strong> psu kao poslastica.<\/p>\n<\/li>\n<li data-start=\"399\" data-end=\"448\">\n<p data-start=\"401\" data-end=\"448\"><strong data-start=\"401\" data-end=\"420\">Pome\u0161ati sa hranom<\/strong> radi lak\u0161eg prihvatanja.<\/p>\n<\/li>\n<li data-start=\"449\" data-end=\"529\">\n<p data-start=\"451\" data-end=\"529\"><strong data-start=\"451\" data-end=\"487\">Staviti na koren jezika<\/strong> da bi se osiguralo potpuno gutanje, ako je potrebno.<\/p>\n<\/li>\n<\/ul>\n<p data-start=\"531\" data-end=\"682\">Obezbedite da pas uvek ima pristup sve\u017eoj vodi za pi\u0107e. Pratite preporuke va\u0161eg veterinara za optimalnu dozu i du\u017einu upotrebe. <\/p>\n","protected":false},"excerpt":{"rendered":"<p>Ishrana bogata razli\u010ditim hranljivim materijama, fizi\u010dka aktivnost i odgovaraju\u0107a suplementacija va\u017eni su za jak imunolo\u0161ki sistem, posebno u periodima pove\u0107anog rizika od prehlade, umora i iscrpljenosti tela. Na\u0161 dodatak za pse poma\u017ee u ja\u010danju otpornosti, podr\u0161ci oporavku i odr\u017eavanju vitalnosti u svim \u017eivotnim fazama. <\/p>\n<p><strong>KADA IMUNI PODSTICAJ?<\/strong><\/p>\n<ul>\n<li>Za \u010deste bakterijske, gljivi\u010dne i virusne infekcije<\/li>\n<li>Kod upale plu\u0107a i uha<\/li>\n<li>Kod hroni\u010dnih bolesti<\/li>\n<li>Kod iscrpljenosti<\/li>\n<li>Kod slabog apetita<\/li>\n<li>U periodu oporavka<\/li>\n<\/ul>\n","protected":false},"featured_media":3397,"comment_status":"open","ping_status":"closed","template":"","meta":{"_acf_changed":false},"pwb-brand":[],"product_brand":[182],"product_cat":[117,118],"product_tag":[],"class_list":{"0":"post-3396","1":"product","2":"type-product","3":"status-publish","4":"has-post-thumbnail","6":"product_brand-regalena","7":"product_cat-dog-food","8":"product_cat-dog-supplements","10":"first","11":"instock","12":"taxable","13":"shipping-taxable","14":"product-type-variable"},"acf":[],"brands":[],"_links":{"self":[{"href":"https:\/\/kraftiapet.com\/sr\/wp-json\/wp\/v2\/product\/3396","targetHints":{"allow":["GET"]}}],"collection":[{"href":"https:\/\/kraftiapet.com\/sr\/wp-json\/wp\/v2\/product"}],"about":[{"href":"https:\/\/kraftiapet.com\/sr\/wp-json\/wp\/v2\/types\/product"}],"replies":[{"embeddable":true,"href":"https:\/\/kraftiapet.com\/sr\/wp-json\/wp\/v2\/comments?post=3396"}],"wp:featuredmedia":[{"embeddable":true,"href":"https:\/\/kraftiapet.com\/sr\/wp-json\/wp\/v2\/media\/3397"}],"wp:attachment":[{"href":"https:\/\/kraftiapet.com\/sr\/wp-json\/wp\/v2\/media?parent=3396"}],"wp:term":[{"taxonomy":"pwb-brand","embeddable":true,"href":"https:\/\/kraftiapet.com\/sr\/wp-json\/wp\/v2\/pwb-brand?post=3396"},{"taxonomy":"product_brand","embeddable":true,"href":"https:\/\/kraftiapet.com\/sr\/wp-json\/wp\/v2\/product_brand?post=3396"},{"taxonomy":"product_cat","embeddable":true,"href":"https:\/\/kraftiapet.com\/sr\/wp-json\/wp\/v2\/product_cat?post=3396"},{"taxonomy":"product_tag","embeddable":true,"href":"https:\/\/kraftiapet.com\/sr\/wp-json\/wp\/v2\/product_tag?post=3396"}],"curies":[{"name":"wp","href":"https:\/\/api.w.org\/{rel}","templated":true}]}}