{"id":3411,"date":"2025-10-07T12:07:40","date_gmt":"2025-10-07T12:07:40","guid":{"rendered":"https:\/\/kraftiapet.com\/?post_type=product&#038;p=3411"},"modified":"2026-02-26T12:39:08","modified_gmt":"2026-02-26T12:39:08","slug":"duck-with-pheasant-4","status":"publish","type":"product","link":"https:\/\/kraftiapet.com\/sr\/proizvod\/duck-with-pheasant-4\/","title":{"rendered":"Duck With Pheasant"},"content":{"rendered":"<p><\/p>\n","protected":false},"excerpt":{"rendered":"<p>Craftia Natura Duck with Pheasant je premium prirodna hrana za \u0161tence patuljastih i malih rasa, sa pa\u010detinom i fazanom. Pa\u010detina i fazan \u010dine primamljivu i izuzetno ukusnu prirodnu kombinaciju. Ovi pa\u017eljivo odabrani izvori proteina obezbe\u0111uju prirodno hipoalergenu formulu bogatu lako svarljivim proteinima i vitalnim nutrijentima. Visok sadr\u017eaj proteina doprinosi razvoju zdravih mi\u0161i\u0107a, dok kombinacija pa\u010detine i fazana pru\u017ea dodatno bogat i privla\u010dan ukus.<\/p>\n","protected":false},"featured_media":2656,"comment_status":"open","ping_status":"closed","template":"","meta":{"_acf_changed":false},"pwb-brand":[],"product_brand":[174],"product_cat":[120,117],"product_tag":[],"class_list":{"0":"post-3411","1":"product","2":"type-product","3":"status-publish","4":"has-post-thumbnail","6":"product_brand-craftia-natura","7":"product_cat-puppy","8":"product_cat-dog-food","10":"first","11":"instock","12":"taxable","13":"shipping-taxable","14":"product-type-variable"},"acf":[],"brands":[],"_links":{"self":[{"href":"https:\/\/kraftiapet.com\/sr\/wp-json\/wp\/v2\/product\/3411","targetHints":{"allow":["GET"]}}],"collection":[{"href":"https:\/\/kraftiapet.com\/sr\/wp-json\/wp\/v2\/product"}],"about":[{"href":"https:\/\/kraftiapet.com\/sr\/wp-json\/wp\/v2\/types\/product"}],"replies":[{"embeddable":true,"href":"https:\/\/kraftiapet.com\/sr\/wp-json\/wp\/v2\/comments?post=3411"}],"wp:featuredmedia":[{"embeddable":true,"href":"https:\/\/kraftiapet.com\/sr\/wp-json\/wp\/v2\/media\/2656"}],"wp:attachment":[{"href":"https:\/\/kraftiapet.com\/sr\/wp-json\/wp\/v2\/media?parent=3411"}],"wp:term":[{"taxonomy":"pwb-brand","embeddable":true,"href":"https:\/\/kraftiapet.com\/sr\/wp-json\/wp\/v2\/pwb-brand?post=3411"},{"taxonomy":"product_brand","embeddable":true,"href":"https:\/\/kraftiapet.com\/sr\/wp-json\/wp\/v2\/product_brand?post=3411"},{"taxonomy":"product_cat","embeddable":true,"href":"https:\/\/kraftiapet.com\/sr\/wp-json\/wp\/v2\/product_cat?post=3411"},{"taxonomy":"product_tag","embeddable":true,"href":"https:\/\/kraftiapet.com\/sr\/wp-json\/wp\/v2\/product_tag?post=3411"}],"curies":[{"name":"wp","href":"https:\/\/api.w.org\/{rel}","templated":true}]}}